{"id":283,"date":"2025-04-26T14:34:02","date_gmt":"2025-04-26T18:34:02","guid":{"rendered":"http:\/\/cgfarad.localhost\/?page_id=283"},"modified":"2025-05-20T12:49:51","modified_gmt":"2025-05-20T16:49:51","slug":"patricia-dowling-dvm-msc","status":"publish","type":"page","link":"https:\/\/cgfarad.ca\/fr\/equipe\/patricia-dowling-dvm-msc\/","title":{"rendered":"Patricia Dowling, DVM, MSc"},"content":{"rendered":"\n<p>Professeur, Pharmacologie clinique v\u00e9t\u00e9rinaire, Co-directeure du gFARAD canadien, Diplom\u00e9e de l\u2019ACVIM (Animaux de grande taille) et de l\u2019ACVCP<\/p>\n\n\n\n<div class=\"wp-block-media-text is-stacked-on-mobile team\"><figure class=\"wp-block-media-text__media\"><img loading=\"lazy\" decoding=\"async\" width=\"727\" height=\"978\" src=\"https:\/\/cgfarad.ca\/wp-content\/uploads\/2025\/05\/Trisha-Photo.jpg\" alt=\"\" class=\"wp-image-328 size-full\" srcset=\"https:\/\/cgfarad.ca\/wp-content\/uploads\/2025\/05\/Trisha-Photo.jpg 727w, https:\/\/cgfarad.ca\/wp-content\/uploads\/2025\/05\/Trisha-Photo-223x300.jpg 223w\" sizes=\"auto, (max-width: 727px) 100vw, 727px\" \/><\/figure><div class=\"wp-block-media-text__content\">\n<h2 class=\"wp-block-heading\">Parcours<\/h2>\n\n\n\n<p>Trisha Dowling est v\u00e9t\u00e9rinaire et professeure de pharmacologie clinique v\u00e9t\u00e9rinaire au Western College of Veterinary Medicine \u00e0 Saskatoon, en Saskatchewan, au Canada, ainsi que fondatrice et co-directrice du gFARAD canadien.<\/p>\n\n\n\n<p>Elle a obtenu son baccalaur\u00e9at en sciences animales (B.Sc. Animal Science) en 1983 et son doctorat en m\u00e9decine v\u00e9t\u00e9rinaire (D.M.V.) en 1987 \u00e0 l&#8217;Universit\u00e9 Texas A&amp;M. Apr\u00e8s une r\u00e9sidence et une ma\u00eetrise \u00e0 l&#8217;Universit\u00e9 Auburn, elle est devenue dipl\u00f4m\u00e9e du Coll\u00e8ge am\u00e9ricain de m\u00e9decine interne v\u00e9t\u00e9rinaire (ACVIM) et du Coll\u00e8ge am\u00e9ricain de pharmacologie clinique v\u00e9t\u00e9rinaire (ACVCP).<\/p>\n\n\n\n<p>Depuis 1993, elle enseigne la pharmacologie v\u00e9t\u00e9rinaire au Western College of Veterinary Medicine, o\u00f9 elle a re\u00e7u de nombreux prix d\u2019enseignement, dont le prix Norden Distinguished Professor et le Prix d\u2019excellence en enseignement du Provost.<\/p>\n\n\n\n<div class=\"wp-block-buttons is-layout-flex wp-block-buttons-is-layout-flex\">\n<div class=\"wp-block-button email\"><a class=\"wp-block-button__link wp-element-button\" href=\"tdowlingdvm@gmail.com\">tdowlingdvm@gmail.com<\/a><\/div>\n\n\n\n<div class=\"wp-block-button phone\"><a class=\"wp-block-button__link wp-element-button\" href=\"http:\/\/306-222-0219\">306-222-0219<\/a><\/div>\n\n\n\n<div class=\"wp-block-button map\"><a class=\"wp-block-button__link wp-element-button\" href=\"http:\/\/maps.google.ca\/maps?q=Veterinary%20Biomedical%20Sciences,%20Western%20College%20of%20Veterinary%20Medicine,%2052%20Campus%20Drive,%20Saskatoon,%20SK%20S7N5B4\" target=\"_blank\" rel=\"noreferrer noopener\">Veterinary Biomedical Sciences, Western College of Veterinary Medicine, 52 Campus Drive, Saskatoon, SK S7N5B4<\/a><\/div>\n<\/div>\n<\/div><\/div>\n\n\n\n<h2 class=\"wp-block-heading\">Recherches<\/h2>\n\n\n\n<p>Le Dr Dowling m\u00e8ne des recherches sur les m\u00e9dicaments, principalement chez les chevaux et les animaux destin\u00e9s \u00e0 l&#8217;alimentation.<br>Voici quelques exemples de recherches inspir\u00e9es par le gFARAD canadien :<\/p>\n\n\n\n<ul class=\"wp-block-list\">\n<li><a href=\"\/wp-content\/uploads\/2025\/04\/160127_boison_1485931152967.pdf\" target=\"_blank\" rel=\"noreferrer noopener\">Boison JO, Dowling P, Matus JL, et al. The Analysis of Phenylbutazone and Its Active Metabolite, Oxyphenbutazone, in Equine Tissues (Muscle, Kidney, and Liver), Urine, and Serum by LC-MS\/MS. J AOAC Int 2017.<\/a><\/li>\n\n\n\n<li><a href=\"\/wp-content\/uploads\/2025\/04\/Boison-2016-Analysis-of-phenylbutazone-residue-1.pdf\" target=\"_blank\" rel=\"noreferrer noopener\">Boison JO, Dowling T, Johnson R, et al. Analysis of phenylbutazone residues in horse tissues with and without enzyme-hydrolysis by LC-MS\/MS.&nbsp;<em>Drug Test Anal<\/em>&nbsp;2016;8:535-538.<\/a><\/li>\n\n\n\n<li><a href=\"\/wp-content\/uploads\/2025\/04\/v23n6p298.pdf\" target=\"_blank\" rel=\"noreferrer noopener\">Enouri S, Dekroon K, Friendship R, et al. Depletion of bromadiolone in tissues of hogs following oral exposure.&nbsp;<em>Journal of Swine Health and Production<\/em>&nbsp;2015;23:298-305.<\/a><\/li>\n\n\n\n<li><a href=\"\/wp-content\/uploads\/2025\/04\/Chicoine-2009-Kinetics-and-residues-of-PPG.pdf\" target=\"_blank\" rel=\"noreferrer noopener\">Chicoine AL, Boison JO, Parker S, et al. Kinetics and residues after intraperitoneal procaine penicillin G administration in lactating dairy cows.&nbsp;<em>J Vet Pharmacol Ther<\/em>&nbsp;2009;32:289-295.<\/a><\/li>\n\n\n\n<li><a href=\"\/wp-content\/uploads\/2025\/04\/Fricke-2008-Pharmacokinetics-and-tissue-depletion-of-tilmicosin.pdf\" target=\"_blank\" rel=\"noreferrer noopener\">Fricke JA, Clark CR, Boison JO, et al. Pharmacokinetics and tissue depletion of tilmicosin in turkeys. J Vet Pharmacol Ther 2008;31:591-594.<\/a><\/li>\n\n\n\n<li><a href=\"\/wp-content\/uploads\/2025\/04\/Chicoine-2008-A-survey-of-antimicrobial-use.pdf\" target=\"_blank\" rel=\"noreferrer noopener\">Chicoine AL, Dowling PM, Boison JO, et al. A survey of antimicrobial use during bovine abdominal surgery by western Canadian veterinarians.&nbsp;<em>Can Vet J<\/em>&nbsp;2008;49:1105-1109.<\/a><\/li>\n\n\n\n<li><a href=\"\/wp-content\/uploads\/2025\/04\/Chicoine-2007-Ivermectin-use-and-resulting-milk-residues.pdf\" target=\"_blank\" rel=\"noreferrer noopener\">Chicoine AL, Durden DA, MacNaughton G, et al. Ivermectin use and resulting milk residues on 4 Canadian dairy herds. Can Vet J 2007;48:836-838.<\/a><\/li>\n<\/ul>\n","protected":false},"excerpt":{"rendered":"<p>Professeur, Pharmacologie clinique v\u00e9t\u00e9rinaire, Co-directeure du gFARAD canadien, Diplom\u00e9e de l\u2019ACVIM (Animaux de grande taille) et de l\u2019ACVCP Recherches Le Dr Dowling m\u00e8ne des recherches sur les m\u00e9dicaments, principalement chez les chevaux et les animaux destin\u00e9s \u00e0 l&#8217;alimentation.Voici quelques exemples de recherches inspir\u00e9es par le gFARAD canadien :<\/p>\n","protected":false},"author":1,"featured_media":0,"parent":263,"menu_order":0,"comment_status":"closed","ping_status":"closed","template":"","meta":{"footnotes":""},"class_list":["post-283","page","type-page","status-publish","hentry"],"_links":{"self":[{"href":"https:\/\/cgfarad.ca\/fr\/wp-json\/wp\/v2\/pages\/283","targetHints":{"allow":["GET"]}}],"collection":[{"href":"https:\/\/cgfarad.ca\/fr\/wp-json\/wp\/v2\/pages"}],"about":[{"href":"https:\/\/cgfarad.ca\/fr\/wp-json\/wp\/v2\/types\/page"}],"author":[{"embeddable":true,"href":"https:\/\/cgfarad.ca\/fr\/wp-json\/wp\/v2\/users\/1"}],"replies":[{"embeddable":true,"href":"https:\/\/cgfarad.ca\/fr\/wp-json\/wp\/v2\/comments?post=283"}],"version-history":[{"count":5,"href":"https:\/\/cgfarad.ca\/fr\/wp-json\/wp\/v2\/pages\/283\/revisions"}],"predecessor-version":[{"id":474,"href":"https:\/\/cgfarad.ca\/fr\/wp-json\/wp\/v2\/pages\/283\/revisions\/474"}],"up":[{"embeddable":true,"href":"https:\/\/cgfarad.ca\/fr\/wp-json\/wp\/v2\/pages\/263"}],"wp:attachment":[{"href":"https:\/\/cgfarad.ca\/fr\/wp-json\/wp\/v2\/media?parent=283"}],"curies":[{"name":"wp","href":"https:\/\/api.w.org\/{rel}","templated":true}]}}