{"id":277,"date":"2025-04-27T08:03:33","date_gmt":"2025-04-27T12:03:33","guid":{"rendered":"http:\/\/cgfarad.localhost\/?page_id=277"},"modified":"2025-04-27T19:36:43","modified_gmt":"2025-04-27T23:36:43","slug":"avis-de-non-responsabilite","status":"publish","type":"page","link":"https:\/\/cgfarad.ca\/fr\/avis-de-non-responsabilite\/","title":{"rendered":"Avis de non-responsabilit\u00e9"},"content":{"rendered":"\n<p>L\u2019\u00e9quipe du gFARAD canadien, ses coll\u00e8ges, d\u00e9partements, agents, dirigeants ou employ\u00e9s (collectivement \u00ab la Plateforme \u00bb) ne garantit ni n\u2019endosse l\u2019exactitude ou la fiabilit\u00e9 des informations, contenus ou publicit\u00e9s (collectivement \u00ab l\u2019Information \u00bb) affich\u00e9s, contenus, distribu\u00e9s, li\u00e9s, t\u00e9l\u00e9charg\u00e9s ou accessibles via ce site Web (\u00ab le Service \u00bb).<\/p>\n\n\n\n<p>L\u2019Information et le Service sont fournis par la Plateforme \u00ab tels quels \u00bb, et la Plateforme rejette express\u00e9ment toute repr\u00e9sentation et toute garantie, expresse ou implicite, y compris, sans limitation, toute garantie d\u2019adaptation \u00e0 un usage particulier en ce qui concerne l\u2019Information ou le Service.<\/p>\n\n\n\n<p>Vous reconnaissez express\u00e9ment que toute utilisation ou tout recours \u00e0 l\u2019Information se fait \u00e0 vos propres risques. La Plateforme se r\u00e9serve le droit, \u00e0 sa seule discr\u00e9tion et sans aucune obligation ni reconnaissance de responsabilit\u00e9, d&#8217;apporter des modifications ou am\u00e9liorations, ou de corriger toute erreur ou omission, concernant toute partie du Service ou de l\u2019Information.<\/p>\n\n\n\n<p>En aucun cas la Plateforme ne pourra \u00eatre tenue responsable de quelque dommage direct, indirect, sp\u00e9cial, accessoire, cons\u00e9cutif ou punitif que ce soit, r\u00e9sultant de l\u2019utilisation de l\u2019Information ou du Service.<\/p>\n","protected":false},"excerpt":{"rendered":"<p>L\u2019\u00e9quipe du gFARAD canadien, ses coll\u00e8ges, d\u00e9partements, agents, dirigeants ou employ\u00e9s (collectivement \u00ab la Plateforme \u00bb) ne garantit ni n\u2019endosse l\u2019exactitude ou la fiabilit\u00e9 des informations, contenus ou publicit\u00e9s (collectivement \u00ab l\u2019Information \u00bb) affich\u00e9s, contenus, distribu\u00e9s, li\u00e9s, t\u00e9l\u00e9charg\u00e9s ou accessibles via ce site Web (\u00ab le Service \u00bb). L\u2019Information et le Service sont fournis par\u2026<\/p>\n","protected":false},"author":1,"featured_media":0,"parent":0,"menu_order":0,"comment_status":"closed","ping_status":"closed","template":"","meta":{"footnotes":""},"class_list":["post-277","page","type-page","status-publish","hentry"],"_links":{"self":[{"href":"https:\/\/cgfarad.ca\/fr\/wp-json\/wp\/v2\/pages\/277","targetHints":{"allow":["GET"]}}],"collection":[{"href":"https:\/\/cgfarad.ca\/fr\/wp-json\/wp\/v2\/pages"}],"about":[{"href":"https:\/\/cgfarad.ca\/fr\/wp-json\/wp\/v2\/types\/page"}],"author":[{"embeddable":true,"href":"https:\/\/cgfarad.ca\/fr\/wp-json\/wp\/v2\/users\/1"}],"replies":[{"embeddable":true,"href":"https:\/\/cgfarad.ca\/fr\/wp-json\/wp\/v2\/comments?post=277"}],"version-history":[{"count":1,"href":"https:\/\/cgfarad.ca\/fr\/wp-json\/wp\/v2\/pages\/277\/revisions"}],"predecessor-version":[{"id":278,"href":"https:\/\/cgfarad.ca\/fr\/wp-json\/wp\/v2\/pages\/277\/revisions\/278"}],"wp:attachment":[{"href":"https:\/\/cgfarad.ca\/fr\/wp-json\/wp\/v2\/media?parent=277"}],"curies":[{"name":"wp","href":"https:\/\/api.w.org\/{rel}","templated":true}]}}