{"id":274,"date":"2025-04-26T14:32:20","date_gmt":"2025-04-26T18:32:20","guid":{"rendered":"http:\/\/cgfarad.localhost\/?page_id=274"},"modified":"2025-07-25T13:07:25","modified_gmt":"2025-07-25T17:07:25","slug":"contact","status":"publish","type":"page","link":"https:\/\/cgfarad.ca\/fr\/contact\/","title":{"rendered":"Contact"},"content":{"rendered":"\n<p>Toute personne ayant des questions sur la pr\u00e9vention des r\u00e9sidus de m\u00e9dicaments ou de produits chimiques dans les aliments d\u2019origine animale est invit\u00e9e \u00e0 contacter le gFARAD canadien pour obtenir de l\u2019aide.<\/p>\n\n\n\n<div class=\"wp-block-buttons is-layout-flex wp-block-buttons-is-layout-flex\">\n<div class=\"wp-block-button email\"><a class=\"wp-block-button__link wp-element-button\" href=\"mailto:request@cgfarad.ca\" target=\"_blank\" rel=\"noreferrer noopener\">request@cgfarad.ca<\/a><\/div>\n<\/div>\n\n\n\n<p>Pour toute demande d\u2019administration g\u00e9n\u00e9rale, contactez:<\/p>\n\n\n\n<p>Susan Fitzgerald, CgFARAD Executive Administrator<\/p>\n\n\n\n<p>195 St. David Street South, 2nd Floor, Fergus, ON\u00a0 N1M 2L4<\/p>\n\n\n\n<div class=\"wp-block-buttons is-layout-flex wp-block-buttons-is-layout-flex\">\n<div class=\"wp-block-button\"><a class=\"wp-block-button__link wp-element-button\" href=\"http:\/\/519-787-4322\">519-787-4322<\/a><\/div>\n\n\n\n<div class=\"wp-block-button\"><a class=\"wp-block-button__link wp-element-button\" href=\"mailto:Susan.tfio@bell.net\" target=\"_blank\" rel=\"noreferrer noopener\">Susan.tfio@bell.net<\/a><\/div>\n<\/div>\n\n\n\n<h2 class=\"wp-block-heading\"><strong>Heures d&#8217;op\u00e9rations<\/strong><\/h2>\n\n\n\n<p>Le gFARAD canadien fonctionne pendant les heures normales de bureau, mais les messages peuvent \u00eatre soumis par courrier \u00e9lectronique 24 heures sur 24.<\/p>\n","protected":false},"excerpt":{"rendered":"<p>Toute personne ayant des questions sur la pr\u00e9vention des r\u00e9sidus de m\u00e9dicaments ou de produits chimiques dans les aliments d\u2019origine animale est invit\u00e9e \u00e0 contacter le gFARAD canadien pour obtenir de l\u2019aide. Pour toute demande d\u2019administration g\u00e9n\u00e9rale, contactez: Susan Fitzgerald, CgFARAD Executive Administrator 195 St. David Street South, 2nd Floor, Fergus, ON\u00a0 N1M 2L4 Heures\u2026<\/p>\n","protected":false},"author":1,"featured_media":0,"parent":0,"menu_order":0,"comment_status":"closed","ping_status":"closed","template":"","meta":{"footnotes":""},"class_list":["post-274","page","type-page","status-publish","hentry"],"_links":{"self":[{"href":"https:\/\/cgfarad.ca\/fr\/wp-json\/wp\/v2\/pages\/274","targetHints":{"allow":["GET"]}}],"collection":[{"href":"https:\/\/cgfarad.ca\/fr\/wp-json\/wp\/v2\/pages"}],"about":[{"href":"https:\/\/cgfarad.ca\/fr\/wp-json\/wp\/v2\/types\/page"}],"author":[{"embeddable":true,"href":"https:\/\/cgfarad.ca\/fr\/wp-json\/wp\/v2\/users\/1"}],"replies":[{"embeddable":true,"href":"https:\/\/cgfarad.ca\/fr\/wp-json\/wp\/v2\/comments?post=274"}],"version-history":[{"count":7,"href":"https:\/\/cgfarad.ca\/fr\/wp-json\/wp\/v2\/pages\/274\/revisions"}],"predecessor-version":[{"id":557,"href":"https:\/\/cgfarad.ca\/fr\/wp-json\/wp\/v2\/pages\/274\/revisions\/557"}],"wp:attachment":[{"href":"https:\/\/cgfarad.ca\/fr\/wp-json\/wp\/v2\/media?parent=274"}],"curies":[{"name":"wp","href":"https:\/\/api.w.org\/{rel}","templated":true}]}}