{"id":263,"date":"2025-04-26T14:29:54","date_gmt":"2025-04-26T18:29:54","guid":{"rendered":"http:\/\/cgfarad.localhost\/?page_id=263"},"modified":"2025-07-25T14:08:00","modified_gmt":"2025-07-25T18:08:00","slug":"equipe","status":"publish","type":"page","link":"https:\/\/cgfarad.ca\/fr\/equipe\/","title":{"rendered":"\u00c9quipe"},"content":{"rendered":"\n<div class=\"wp-block-media-text is-stacked-on-mobile team\"><figure class=\"wp-block-media-text__media\"><img loading=\"lazy\" decoding=\"async\" width=\"727\" height=\"978\" src=\"https:\/\/cgfarad.ca\/wp-content\/uploads\/2025\/05\/Trisha-Photo.jpg\" alt=\"\" class=\"wp-image-328 size-full\" srcset=\"https:\/\/cgfarad.ca\/wp-content\/uploads\/2025\/05\/Trisha-Photo.jpg 727w, https:\/\/cgfarad.ca\/wp-content\/uploads\/2025\/05\/Trisha-Photo-223x300.jpg 223w\" sizes=\"auto, (max-width: 727px) 100vw, 727px\" \/><\/figure><div class=\"wp-block-media-text__content\">\n<h2 class=\"wp-block-heading\"><a href=\"https:\/\/cgfarad.ca\/fr\/equipe\/patricia-dowling-dvm-msc\/\" data-type=\"page\" data-id=\"21\">Patricia Dowling, DVM, MSc<\/a><\/h2>\n\n\n\n<p>Professeur, Pharmacologie clinique v\u00e9t\u00e9rinaire, Co-directeure du gFARAD canadien, Diplom\u00e9e de l&#8217;ACVIM (Animaux de grande taille) et de l&#8217;ACVCP<\/p>\n\n\n\n<div class=\"wp-block-buttons is-layout-flex wp-block-buttons-is-layout-flex\">\n<div class=\"wp-block-button email\"><a class=\"wp-block-button__link wp-element-button\" href=\"mailto:tdowlingdvm@gmail.com\" target=\"_blank\" rel=\"noreferrer noopener\">tdowlingdvm@gmail.com<\/a><\/div>\n\n\n\n<div class=\"wp-block-button phone\"><a class=\"wp-block-button__link wp-element-button\" href=\"http:\/\/306-222-0219\">306-222-0219<\/a><\/div>\n\n\n\n<div class=\"wp-block-button map\"><a class=\"wp-block-button__link wp-element-button\" href=\"http:\/\/maps.google.ca\/maps?q=Veterinary%20Biomedical%20Sciences,%20Western%20College%20of%20Veterinary%20Medicine,%2052%20Campus%20Drive,%20Saskatoon,%20SK%20S7N5B4\" target=\"_blank\" rel=\"noreferrer noopener\">Veterinary Biomedical Sciences, Western College of Veterinary Medicine, 52 Campus Drive, Saskatoon, SK S7N5B4<\/a><\/div>\n<\/div>\n<\/div><\/div>\n\n\n\n<div style=\"height:100px\" aria-hidden=\"true\" class=\"wp-block-spacer\"><\/div>\n\n\n\n<div class=\"wp-block-media-text is-stacked-on-mobile team\"><figure class=\"wp-block-media-text__media\"><img loading=\"lazy\" decoding=\"async\" width=\"220\" height=\"220\" src=\"https:\/\/cgfarad.ca\/wp-content\/uploads\/2025\/04\/rjohns03.jpg\" alt=\"\" class=\"wp-image-73 size-full\" srcset=\"https:\/\/cgfarad.ca\/wp-content\/uploads\/2025\/04\/rjohns03.jpg 220w, https:\/\/cgfarad.ca\/wp-content\/uploads\/2025\/04\/rjohns03-150x150.jpg 150w\" sizes=\"auto, (max-width: 220px) 100vw, 220px\" \/><\/figure><div class=\"wp-block-media-text__content\">\n<h2 class=\"wp-block-heading\"><a href=\"https:\/\/cgfarad.ca\/fr\/equipe\/ron-johnson-dvm-phd\/\" data-type=\"page\" data-id=\"23\">Ron Johnson, DVM, PhD<\/a><\/h2>\n\n\n\n<p>Professeur agr\u00e9g\u00e9, Pharmacologie clinique v\u00e9t\u00e9rinaire, Co-directeur du gFARAD canadien, Diplomate de l&#8217;ACVCP<\/p>\n\n\n\n<div class=\"wp-block-buttons is-layout-flex wp-block-buttons-is-layout-flex\">\n<div class=\"wp-block-button email\"><a class=\"wp-block-button__link wp-element-button\" href=\"mailto:rjohns03@uoguelph.ca\">rjohns03@uoguelph.ca<\/a><\/div>\n\n\n\n<div class=\"wp-block-button phone\"><a class=\"wp-block-button__link wp-element-button\" href=\"tel:+15198244120#54041\">519-824-4120 Ext 54041<\/a><\/div>\n\n\n\n<div class=\"wp-block-button map\"><a class=\"wp-block-button__link wp-element-button\" href=\"http:\/\/maps.google.ca\/maps?q=1632\/1634%20Biomedical%20Sciences,%20Ontario%20Veterinary%20College,%20University%20of%20Guelph,%20Guelph,%20ON%20N1G%202W1\" target=\"_blank\" rel=\"noreferrer noopener\">1632\/1634 Biomedical Sciences, Ontario Veterinary College, University of Guelph, Guelph, ON N1G 2W1<\/a><\/div>\n<\/div>\n<\/div><\/div>\n\n\n\n<div style=\"height:100px\" aria-hidden=\"true\" class=\"wp-block-spacer\"><\/div>\n\n\n\n<div class=\"wp-block-media-text is-stacked-on-mobile team\"><figure class=\"wp-block-media-text__media\"><img loading=\"lazy\" decoding=\"async\" width=\"592\" height=\"832\" src=\"https:\/\/cgfarad.ca\/wp-content\/uploads\/2025\/05\/Saad-Photo.jpg\" alt=\"\" class=\"wp-image-330 size-full\" srcset=\"https:\/\/cgfarad.ca\/wp-content\/uploads\/2025\/05\/Saad-Photo.jpg 592w, https:\/\/cgfarad.ca\/wp-content\/uploads\/2025\/05\/Saad-Photo-213x300.jpg 213w\" sizes=\"auto, (max-width: 592px) 100vw, 592px\" \/><\/figure><div class=\"wp-block-media-text__content\">\n<h2 class=\"wp-block-heading\"><a href=\"https:\/\/cgfarad.ca\/fr\/equipe\/saad-enouri-bvsc-msc-phd\/\" data-type=\"page\" data-id=\"25\">Saad Enouri, BVSc, MSc, PhD<\/a><\/h2>\n\n\n\n<p>Associ\u00e9 de recherche, gFARAD canadien<\/p>\n\n\n\n<div class=\"wp-block-buttons is-layout-flex wp-block-buttons-is-layout-flex\">\n<div class=\"wp-block-button email\"><a class=\"wp-block-button__link wp-element-button\" href=\"mailto:senouri@uoguelph.ca\">senouri@uoguelph.ca<\/a><\/div>\n\n\n\n<div class=\"wp-block-button phone\"><a class=\"wp-block-button__link wp-element-button\" href=\"tel:+15198244120#54984\">519-824-4120 ext. 54984<\/a><\/div>\n\n\n\n<div class=\"wp-block-button map\"><a class=\"wp-block-button__link wp-element-button\" href=\"http:\/\/maps.google.ca\/maps?q=1632\/1634%20Biomedical%20Sciences,%20Ontario%20Veterinary%20College,%20University%20of%20Guelph,%20Guelph,%20ON%20N1G%202W1\" target=\"_blank\" rel=\"noreferrer noopener\">1632\/1634 Biomedical Sciences, Ontario Veterinary College, University of Guelph, Guelph, ON N1G 2W1<\/a><\/div>\n<\/div>\n<\/div><\/div>\n\n\n\n<p><\/p>\n\n\n\n<div class=\"wp-block-media-text is-stacked-on-mobile team\"><figure class=\"wp-block-media-text__media\"><img loading=\"lazy\" decoding=\"async\" width=\"274\" height=\"227\" src=\"https:\/\/cgfarad.ca\/wp-content\/uploads\/2025\/05\/Fitzgerald-Co-logo.png\" alt=\"\" class=\"wp-image-365 size-full\"\/><\/figure><div class=\"wp-block-media-text__content\">\n<h2 class=\"wp-block-heading\">Susan Fitzgerald, B.A., Dip. Ag.<\/h2>\n\n\n\n<p><strong>CgFARAD\u2122 Administrator<\/strong><\/p>\n\n\n\n<p>Susan Fitzgerald et son \u00e9quipe chez Fitzgerald &amp; Co. fournissent un soutien administratif \u00e0 CgFARAD\u2122, notamment la publication de nos newsletters, la maintenance du site Web et la gestion financi\u00e8re.&nbsp; De plus, elle travaille en \u00e9troite collaboration avec le conseil consultatif du CgFARAD\u2122.<\/p>\n\n\n\n<div class=\"wp-block-buttons is-layout-flex wp-block-buttons-is-layout-flex\">\n<div class=\"wp-block-button email\"><a class=\"wp-block-button__link wp-element-button\" href=\"mailto:Susan.tfio@bell.net\" target=\"_blank\" rel=\"noreferrer noopener\">susan.tfio@bell.net<\/a><\/div>\n\n\n\n<div class=\"wp-block-button phone\"><a class=\"wp-block-button__link wp-element-button\" href=\"http:\/\/519-787-4322\">519-787-4322<\/a><\/div>\n\n\n\n<div class=\"wp-block-button map\"><a class=\"wp-block-button__link wp-element-button\">2nd Floor, 195 St. David Street South, Fergus, ON N1M 2L4<\/a><\/div>\n<\/div>\n<\/div><\/div>\n\n\n\n<p><\/p>\n\n\n\n<p><strong>Conseil consultatif CgFARAD\u2122<\/strong><\/p>\n\n\n\n<p>Le Conseil consultatif des parties prenantes fournit des orientations et des conseils strat\u00e9giques aux codirecteurs du CgFARAD\u2122 sur les questions commerciales et financi\u00e8res.&nbsp;<\/p>\n\n\n\n<p> Le conseil consultatif est compos\u00e9 des deux codirecteurs du CgFARAD\u2122, de trois repr\u00e9sentants d\u2019associations de producteurs, de deux directeurs d\u2019associations v\u00e9t\u00e9rinaires et d\u2019un repr\u00e9sentant de chacun des groupes suivants&nbsp;: soci\u00e9t\u00e9s pharmaceutiques, Institut canadien de la sant\u00e9 animale, industrie de l\u2019alimentation animale et de la transformation, Animallytix et de l\u2019Agence canadienne d\u2019inspection des aliments. Animalytix fournit des donn\u00e9es pharmacologiques pour alimenter la base de donn\u00e9es. Voici la liste des membres actuels du conseil consultatif.<\/p>\n\n\n\n<figure class=\"wp-block-table is-style-stripes\"><table class=\"has-fixed-layout\"><tbody><tr><td><a><strong>Nom<\/strong><\/a><strong><\/strong><\/td><td><strong>Organisation<\/strong><strong><\/strong><\/td><td><strong>Si\u00e8ge au Conseil consultatif<\/strong><strong><\/strong><\/td><\/tr><tr><td>Ron Johnson<\/td><td>gFARADc<sup>MC<\/sup><\/td><td>Co-directeur<\/td><\/tr><tr><td>Trisha Dowling<\/td><td>gFARADc<sup>MC<\/sup><\/td><td>Co-directrice<\/td><\/tr><tr><td>Catherine Filejski<\/td><td>Institut canadien de la sant\u00e9 animale<\/td><td>Institut canadien de la sant\u00e9 animale<\/td><\/tr><tr><td>Denis Carrier<\/td><td>Merck<\/td><td>Soci\u00e9t\u00e9 pharmaceutique<\/td><\/tr><tr><td>Skyler Veazey<\/td><td>Conseil canadien des transformateurs d\u2019\u0153ufs et de volailles<\/td><td>Industrie de l\u2019alimentation et de la transformation<\/td><\/tr><tr><td>Steve Leech<\/td><td>Producteurs de poulet du Canada<\/td><td>Association sectorielle<\/td><\/tr><tr><td>Corlena Patterson<\/td><td>F\u00e9d\u00e9ration canadienne du mouton<\/td><td>Association sectorielle<\/td><\/tr><tr><td>Egan Brockhoff<\/td><td>Conseil canadien du porc<\/td><td>Association sectorielle<\/td><\/tr><tr><td>Mike Petrik<\/td><td>M\u00e9decin v\u00e9t\u00e9rinaire<\/td><td>Association v\u00e9t\u00e9rinaire<\/td><\/tr><tr><td>Jessica Law<\/td><td>Association canadienne des m\u00e9decins v\u00e9t\u00e9rinaires<\/td><td>Association v\u00e9t\u00e9rinaire<\/td><\/tr><tr><td>Jonas Goring &#8211; pr\u00e9sident<\/td><td>Animalytix<\/td><td>Donn\u00e9es pharmaceutiques<\/td><\/tr><tr><td>Christopher Coulis<\/td><td>Agence canadienne d\u2019inspection des aliments<\/td><td>Gouvernement &#8211; r\u00e9glementation<\/td><\/tr><\/tbody><\/table><\/figure>\n","protected":false},"excerpt":{"rendered":"<p>Conseil consultatif CgFARAD\u2122 Le Conseil consultatif des parties prenantes fournit des orientations et des conseils strat\u00e9giques aux codirecteurs du CgFARAD\u2122 sur les questions commerciales et financi\u00e8res.&nbsp; Le conseil consultatif est compos\u00e9 des deux codirecteurs du CgFARAD\u2122, de trois repr\u00e9sentants d\u2019associations de producteurs, de deux directeurs d\u2019associations v\u00e9t\u00e9rinaires et d\u2019un repr\u00e9sentant de chacun des groupes suivants&nbsp;:\u2026<\/p>\n","protected":false},"author":1,"featured_media":0,"parent":0,"menu_order":0,"comment_status":"closed","ping_status":"closed","template":"","meta":{"footnotes":""},"class_list":["post-263","page","type-page","status-publish","hentry"],"_links":{"self":[{"href":"https:\/\/cgfarad.ca\/fr\/wp-json\/wp\/v2\/pages\/263","targetHints":{"allow":["GET"]}}],"collection":[{"href":"https:\/\/cgfarad.ca\/fr\/wp-json\/wp\/v2\/pages"}],"about":[{"href":"https:\/\/cgfarad.ca\/fr\/wp-json\/wp\/v2\/types\/page"}],"author":[{"embeddable":true,"href":"https:\/\/cgfarad.ca\/fr\/wp-json\/wp\/v2\/users\/1"}],"replies":[{"embeddable":true,"href":"https:\/\/cgfarad.ca\/fr\/wp-json\/wp\/v2\/comments?post=263"}],"version-history":[{"count":21,"href":"https:\/\/cgfarad.ca\/fr\/wp-json\/wp\/v2\/pages\/263\/revisions"}],"predecessor-version":[{"id":559,"href":"https:\/\/cgfarad.ca\/fr\/wp-json\/wp\/v2\/pages\/263\/revisions\/559"}],"wp:attachment":[{"href":"https:\/\/cgfarad.ca\/fr\/wp-json\/wp\/v2\/media?parent=263"}],"curies":[{"name":"wp","href":"https:\/\/api.w.org\/{rel}","templated":true}]}}