{"id":261,"date":"2025-04-27T08:04:29","date_gmt":"2025-04-27T12:04:29","guid":{"rendered":"http:\/\/cgfarad.localhost\/?page_id=261"},"modified":"2025-04-27T19:16:56","modified_gmt":"2025-04-27T23:16:56","slug":"accessibilite","status":"publish","type":"page","link":"https:\/\/cgfarad.ca\/fr\/accessibilite\/","title":{"rendered":"Accessibilit\u00e9"},"content":{"rendered":"\n<p>Le gFARAD canadien s&#8217;engage \u00e0 offrir la meilleure exp\u00e9rience num\u00e9rique possible. En utilisant des m\u00e9thodes modernes de d\u00e9veloppement web et les meilleures pratiques reconnues, nous visons \u00e0 respecter ou d\u00e9passer les R\u00e8gles pour l\u2019accessibilit\u00e9 des contenus Web (WCAG) 2.0, niveau A pour l\u2019ensemble de nos propri\u00e9t\u00e9s num\u00e9riques.<\/p>\n\n\n\n<p>Nos engagements incluent :<\/p>\n\n\n\n<ul class=\"wp-block-list\">\n<li>Corriger, lorsque possible, les probl\u00e8mes d\u2019accessibilit\u00e9 num\u00e9rique connus\u202f;<\/li>\n\n\n\n<li>R\u00e9viser les principaux sites Web, applications mobiles et plateformes num\u00e9riques\u202f;<\/li>\n\n\n\n<li>Offrir des occasions de formation aux membres du personnel qui g\u00e8rent et \u00e9ditent les propri\u00e9t\u00e9s num\u00e9riques\u202f;<\/li>\n\n\n\n<li>\u00c9laborer des documents, politiques et lignes directrices sur les meilleures pratiques en mati\u00e8re d\u2019accessibilit\u00e9, pour l\u2019\u00e9dition de sites Web, l\u2019acquisition de produits num\u00e9riques et les communications num\u00e9riques.<\/li>\n<\/ul>\n\n\n\n<p><\/p>\n","protected":false},"excerpt":{"rendered":"<p>Le gFARAD canadien s&#8217;engage \u00e0 offrir la meilleure exp\u00e9rience num\u00e9rique possible. En utilisant des m\u00e9thodes modernes de d\u00e9veloppement web et les meilleures pratiques reconnues, nous visons \u00e0 respecter ou d\u00e9passer les R\u00e8gles pour l\u2019accessibilit\u00e9 des contenus Web (WCAG) 2.0, niveau A pour l\u2019ensemble de nos propri\u00e9t\u00e9s num\u00e9riques. Nos engagements incluent :<\/p>\n","protected":false},"author":1,"featured_media":0,"parent":0,"menu_order":0,"comment_status":"closed","ping_status":"closed","template":"","meta":{"footnotes":""},"class_list":["post-261","page","type-page","status-publish","hentry"],"_links":{"self":[{"href":"https:\/\/cgfarad.ca\/fr\/wp-json\/wp\/v2\/pages\/261","targetHints":{"allow":["GET"]}}],"collection":[{"href":"https:\/\/cgfarad.ca\/fr\/wp-json\/wp\/v2\/pages"}],"about":[{"href":"https:\/\/cgfarad.ca\/fr\/wp-json\/wp\/v2\/types\/page"}],"author":[{"embeddable":true,"href":"https:\/\/cgfarad.ca\/fr\/wp-json\/wp\/v2\/users\/1"}],"replies":[{"embeddable":true,"href":"https:\/\/cgfarad.ca\/fr\/wp-json\/wp\/v2\/comments?post=261"}],"version-history":[{"count":1,"href":"https:\/\/cgfarad.ca\/fr\/wp-json\/wp\/v2\/pages\/261\/revisions"}],"predecessor-version":[{"id":262,"href":"https:\/\/cgfarad.ca\/fr\/wp-json\/wp\/v2\/pages\/261\/revisions\/262"}],"wp:attachment":[{"href":"https:\/\/cgfarad.ca\/fr\/wp-json\/wp\/v2\/media?parent=261"}],"curies":[{"name":"wp","href":"https:\/\/api.w.org\/{rel}","templated":true}]}}