{"id":259,"date":"2025-04-26T14:28:40","date_gmt":"2025-04-26T18:28:40","guid":{"rendered":"http:\/\/cgfarad.localhost\/accueil\/"},"modified":"2025-05-30T12:22:29","modified_gmt":"2025-05-30T16:22:29","slug":"accueil","status":"publish","type":"page","link":"https:\/\/cgfarad.ca\/fr\/","title":{"rendered":"Accueil"},"content":{"rendered":"\n<div class=\"wp-block-media-text is-stacked-on-mobile\" style=\"grid-template-columns:44% auto\"><figure class=\"wp-block-media-text__media\"><img loading=\"lazy\" decoding=\"async\" width=\"1024\" height=\"469\" src=\"https:\/\/cgfarad.ca\/wp-content\/uploads\/2025\/04\/cgfarad-home-1024x469.jpg\" alt=\"\" class=\"wp-image-78 size-full\" srcset=\"https:\/\/cgfarad.ca\/wp-content\/uploads\/2025\/04\/cgfarad-home-1024x469.jpg 1024w, https:\/\/cgfarad.ca\/wp-content\/uploads\/2025\/04\/cgfarad-home-300x138.jpg 300w, https:\/\/cgfarad.ca\/wp-content\/uploads\/2025\/04\/cgfarad-home-768x352.jpg 768w, https:\/\/cgfarad.ca\/wp-content\/uploads\/2025\/04\/cgfarad-home.jpg 1200w\" sizes=\"auto, (max-width: 1024px) 100vw, 1024px\" \/><\/figure><div class=\"wp-block-media-text__content\">\n<p>Au Canada, la production de b\u00e9tail et de volaille d\u00e9pend de m\u00e9dicaments et autres produits chimiques pour prot\u00e9ger la sant\u00e9 des animaux. Les animaux destin\u00e9s \u00e0 la consommation  humaine peuvent \u00e9galement \u00eatre expos\u00e9s \u00e0 des contaminants environnementaux ou devenir la cible de bioterrorisme. Pour prot\u00e9ger de mani\u00e8re proactive les approvisionnements alimentaires, les v\u00e9t\u00e9rinaires doivent fournir aux producteurs des informations pr\u00e9cises sur les d\u00e9lais d\u2019attente et l\u2019\u00e9limination des m\u00e9dicaments ou des produits chimiques chez les animaux et leurs produits.<\/p>\n<\/div><\/div>\n\n\n\n<p>Gr\u00e2ce au soutien financier des soci\u00e9t\u00e9s pharmaceutiques et d\u2019alimentation animale, des associations m\u00e9dicales v\u00e9t\u00e9rinaires et des groupes d\u2019\u00e9leveurs de b\u00e9tail et de volaille, le Canada fait partie d&#8217;un programme mondial de recherche sur la pr\u00e9vention des r\u00e9sidus dans les animaux de consommation connu sous le nom de gFARAD.  Le gFARAD canadien fournit aux v\u00e9t\u00e9rinaires canadiens des renseignements sur la pr\u00e9vention des r\u00e9sidus.<\/p>\n","protected":false},"excerpt":{"rendered":"<p>Au Canada, la production de b\u00e9tail et de volaille d\u00e9pend de m\u00e9dicaments et autres produits chimiques pour prot\u00e9ger la sant\u00e9 des animaux. Les animaux destin\u00e9s \u00e0 la consommation humaine peuvent \u00e9galement \u00eatre expos\u00e9s \u00e0 des contaminants environnementaux ou devenir la cible de bioterrorisme. Pour prot\u00e9ger de mani\u00e8re proactive les approvisionnements alimentaires, les v\u00e9t\u00e9rinaires doivent fournir\u2026<\/p>\n","protected":false},"author":1,"featured_media":0,"parent":0,"menu_order":0,"comment_status":"closed","ping_status":"closed","template":"","meta":{"footnotes":""},"class_list":["post-259","page","type-page","status-publish","hentry"],"_links":{"self":[{"href":"https:\/\/cgfarad.ca\/fr\/wp-json\/wp\/v2\/pages\/259","targetHints":{"allow":["GET"]}}],"collection":[{"href":"https:\/\/cgfarad.ca\/fr\/wp-json\/wp\/v2\/pages"}],"about":[{"href":"https:\/\/cgfarad.ca\/fr\/wp-json\/wp\/v2\/types\/page"}],"author":[{"embeddable":true,"href":"https:\/\/cgfarad.ca\/fr\/wp-json\/wp\/v2\/users\/1"}],"replies":[{"embeddable":true,"href":"https:\/\/cgfarad.ca\/fr\/wp-json\/wp\/v2\/comments?post=259"}],"version-history":[{"count":3,"href":"https:\/\/cgfarad.ca\/fr\/wp-json\/wp\/v2\/pages\/259\/revisions"}],"predecessor-version":[{"id":518,"href":"https:\/\/cgfarad.ca\/fr\/wp-json\/wp\/v2\/pages\/259\/revisions\/518"}],"wp:attachment":[{"href":"https:\/\/cgfarad.ca\/fr\/wp-json\/wp\/v2\/media?parent=259"}],"curies":[{"name":"wp","href":"https:\/\/api.w.org\/{rel}","templated":true}]}}